{"id":1796,"date":"2026-02-27T15:19:28","date_gmt":"2026-02-27T15:19:28","guid":{"rendered":"https:\/\/www.weinwanderung-salgesch.ch\/mentions-legales\/"},"modified":"2026-02-27T15:19:28","modified_gmt":"2026-02-27T15:19:28","slug":"mentions-legales","status":"publish","type":"page","link":"https:\/\/www.weinwanderung-salgesch.ch\/fr\/mentions-legales\/","title":{"rendered":"Mentions l\u00e9gales"},"content":{"rendered":"<h3>Le responsable du contenu de ces pages est<\/h3>\n<p>Wallis KostBar AG<br \/>\nIDE\/TVA : CHE-315.200.880<br \/>\nForme juridique : Soci\u00e9t\u00e9 anonyme<br \/>\nAdresse : Bahnhofstrasse 50, 3970 Salquenen<br \/>\nT\u00e9l\u00e9phone :  <a href=\"tel:+41%2027%20455%2075%2069\">+41 27 455 75 69<\/a><br \/>\nE-mail :  <a href=\"mailto:info@weinwanderung-salgesch.ch\">info@weinwanderung-salgesch.ch<\/a><br \/>\nSi\u00e8ge social : Salquenen<\/p>\n<h3>Exclusion de responsabilit\u00e9<\/h3>\n<p>L\u2019auteur ne donne aucune garantie quant \u00e0 la justesse, la pr\u00e9cision, l\u2019actualit\u00e9, la fiabilit\u00e9 et l\u2019exhaustivit\u00e9 des informations fournies.<br \/>\nLes recours en responsabilit\u00e9 contre l\u2019auteur pour des dommages mat\u00e9riels ou immat\u00e9riels r\u00e9sultant de l\u2019acc\u00e8s aux informations publi\u00e9es, de leur utilisation ou non-utilisation, d\u2019un usage abusif de la connexion ou de probl\u00e8mes techniques sont exclus.<br \/>\nToutes les offres sont sans engagement. L\u2019auteur se r\u00e9serve express\u00e9ment le droit de modifier, de compl\u00e9ter ou de supprimer des parties de pages ou l\u2019ensemble de l\u2019offre sans avis pr\u00e9alable, ou d\u2019en suspendre la publication temporairement ou d\u00e9finitivement.<\/p>\n<h3>Responsabilit\u00e9 pour les liens<\/h3>\n<p>Les renvois et liens vers des sites web de tiers ne rel\u00e8vent pas de notre responsabilit\u00e9. Toute responsabilit\u00e9 pour ces sites est d\u00e9clin\u00e9e. L\u2019acc\u00e8s \u00e0 ces sites et leur utilisation se font aux risques et p\u00e9rils de l\u2019utilisateur ou de l\u2019utilisatrice.<\/p>\n<h3>Design &amp; concept technique<\/h3>\n<p>Ce site web a \u00e9t\u00e9 con\u00e7u et d\u00e9velopp\u00e9 par l\u2019<a href=\"https:\/\/www.beyondweb.ch\/webdesign-agentur\/\" rel=\"noopener\" target=\"_blank\">agence de webdesign Beyondweb<\/a>.<\/p>\n","protected":false},"excerpt":{"rendered":"<p>Le responsable du contenu de ces pages est Wallis KostBar AG IDE\/TVA : CHE-315.200.880 Forme juridique : Soci\u00e9t\u00e9 anonyme Adresse : Bahnhofstrasse 50, 3970 Salquenen T\u00e9l\u00e9phone : +41 27 455 75 69 E-mail : info@weinwanderung-salgesch.ch Si\u00e8ge social : Salquenen Exclusion de responsabilit\u00e9 L\u2019auteur ne donne aucune garantie quant \u00e0 la justesse, la pr\u00e9cision, l\u2019actualit\u00e9, la [&hellip;]<\/p>\n","protected":false},"author":2,"featured_media":0,"parent":0,"menu_order":0,"comment_status":"closed","ping_status":"closed","template":"","meta":{"_acf_changed":false,"footnotes":""},"class_list":["post-1796","page","type-page","status-publish","hentry"],"acf":[],"_links":{"self":[{"href":"https:\/\/www.weinwanderung-salgesch.ch\/fr\/wp-json\/wp\/v2\/pages\/1796","targetHints":{"allow":["GET"]}}],"collection":[{"href":"https:\/\/www.weinwanderung-salgesch.ch\/fr\/wp-json\/wp\/v2\/pages"}],"about":[{"href":"https:\/\/www.weinwanderung-salgesch.ch\/fr\/wp-json\/wp\/v2\/types\/page"}],"author":[{"embeddable":true,"href":"https:\/\/www.weinwanderung-salgesch.ch\/fr\/wp-json\/wp\/v2\/users\/2"}],"replies":[{"embeddable":true,"href":"https:\/\/www.weinwanderung-salgesch.ch\/fr\/wp-json\/wp\/v2\/comments?post=1796"}],"version-history":[{"count":0,"href":"https:\/\/www.weinwanderung-salgesch.ch\/fr\/wp-json\/wp\/v2\/pages\/1796\/revisions"}],"wp:attachment":[{"href":"https:\/\/www.weinwanderung-salgesch.ch\/fr\/wp-json\/wp\/v2\/media?parent=1796"}],"curies":[{"name":"wp","href":"https:\/\/api.w.org\/{rel}","templated":true}]}}